{"id":1751,"date":"2017-03-03T14:49:31","date_gmt":"2017-03-03T13:49:31","guid":{"rendered":"https:\/\/www.leboisdelamarche.fr\/?page_id=1751"},"modified":"2022-11-15T13:39:19","modified_gmt":"2022-11-15T12:39:19","slug":"faq","status":"publish","type":"page","link":"https:\/\/www.leboisdelamarche.fr\/en\/faq\/","title":{"rendered":"FAQ"},"content":{"rendered":"\n\n<div class=\"tabgroup \" data-script=\"jquery-ui-core,jquery-ui-widget,jquery-ui-tabs\">\n<ul class=\"tabs\">\n\n  <li><a href=\"#tabs-1\">ACC\u00c8S<\/a><\/li>\n\n\n\n\n  <li><a href=\"#tabs-2\">LES SERVICES<\/a><\/li>\n\n\n\n\n  <li><a href=\"#tabs-3\">INFOS PRATIQUES<\/a><\/li>\n\n<\/ul>\n\n \n<div id=\"tabs-1\">\n\n<div class=\"toggle\">\n\t\t\t\t\t<h4 class=\"trigger hendlToggle active\">\n\t\t\t\t\t\t<span class=\"t_ico\" style=\"background-color: #D4C7BF\"><\/span>\n\t\t\t\t\t\t<a href=\"#\">Quelle est l'adresse de l'h\u00f4tel Le Bois de la Marche ?<\/a>\n\t\t\t\t\t<\/h4>\n\t\t\t\t\t<div class=\"toggle_container\" style=\"display: block;\">\u00a0L\u2019h\u00f4tel est situ\u00e9 entre 2 communes et dispose de deux adresses diff\u00e9rentes:<\/p>\n<ul>\n<li><strong>Adresse GPS<\/strong>\u00a0: 1, all\u00e9e des Cerfs<br \/>\n86240\u00a0 Fontaine le Comte<\/li>\n<\/ul>\n<ul>\n<li><strong>Adresse postale<\/strong>\u00a0: 1, route de Coulombiers<br \/>\n86240\u00a0 Ligug\u00e9<\/li>\n<\/ul>\n<\/div>\n\t\t\t\t\t<script>\n\t\t\t\t\tjQuery(document).ready(function(){\n\t\t\t\t\t\tjQuery(\"h4.hendlToggle\").removeClass(\"hendlToggle\").on(\"click\", function() {\n\t\t\t\t\t\t\tjQuery(this).toggleClass(\"active\").next().slideToggle(\"normal\");\n\t\t\t\t\t\t\treturn false;\n\t\t\t\t\t\t});\n\t\t\t\t\t});\n\t\t\t\t<\/script>\n\t\t\t\t<\/div>\n<div class=\"toggle\">\n\t\t\t\t\t<h4 class=\"trigger hendlToggle active\">\n\t\t\t\t\t\t<span class=\"t_ico\" style=\"background-color: #D4C7BF\"><\/span>\n\t\t\t\t\t\t<a href=\"#\">\u00c0 combien de temps se situe l'h\u00f4tel du Futuroscope ?<\/a>\n\t\t\t\t\t<\/h4>\n\t\t\t\t\t<div class=\"toggle_container\" style=\"display: block;\">L\u2019h\u00f4tel est \u00e0 environ 15 minutes du Futuroscope par l\u2019autoroute (A10) et 25 minutes par la rocade de Poitiers.<\/div>\n\t\t\t\t\t<script>\n\t\t\t\t\tjQuery(document).ready(function(){\n\t\t\t\t\t\tjQuery(\"h4.hendlToggle\").removeClass(\"hendlToggle\").on(\"click\", function() {\n\t\t\t\t\t\t\tjQuery(this).toggleClass(\"active\").next().slideToggle(\"normal\");\n\t\t\t\t\t\t\treturn false;\n\t\t\t\t\t\t});\n\t\t\t\t\t});\n\t\t\t\t<\/script>\n\t\t\t\t<\/div>\n<div class=\"toggle\">\n\t\t\t\t\t<h4 class=\"trigger hendlToggle active\">\n\t\t\t\t\t\t<span class=\"t_ico\" style=\"background-color: #D4C7BF\"><\/span>\n\t\t\t\t\t\t<a href=\"#\">\u00c0 combien de temps se situe l'h\u00f4tel de la gare ?<\/a>\n\t\t\t\t\t<\/h4>\n\t\t\t\t\t<div class=\"toggle_container\" style=\"display: block;\">L\u2019h\u00f4tel est situ\u00e9 \u00e0 15 minutes de la gare de Poitiers.<\/div>\n\t\t\t\t\t<script>\n\t\t\t\t\tjQuery(document).ready(function(){\n\t\t\t\t\t\tjQuery(\"h4.hendlToggle\").removeClass(\"hendlToggle\").on(\"click\", function() {\n\t\t\t\t\t\t\tjQuery(this).toggleClass(\"active\").next().slideToggle(\"normal\");\n\t\t\t\t\t\t\treturn false;\n\t\t\t\t\t\t});\n\t\t\t\t\t});\n\t\t\t\t<\/script>\n\t\t\t\t<\/div>\n<div class=\"toggle\">\n\t\t\t\t\t<h4 class=\"trigger hendlToggle active\">\n\t\t\t\t\t\t<span class=\"t_ico\" style=\"background-color: #D4C7BF\"><\/span>\n\t\t\t\t\t\t<a href=\"#\">\u00c0 combien de temps se situe l'h\u00f4tel du centre-ville de Poitiers ?<\/a>\n\t\t\t\t\t<\/h4>\n\t\t\t\t\t<div class=\"toggle_container\" style=\"display: block;\">L\u2019h\u00f4tel est situ\u00e9 \u00e0 15 minutes du centre-ville de Poitiers en voiture.<\/div>\n\t\t\t\t\t<script>\n\t\t\t\t\tjQuery(document).ready(function(){\n\t\t\t\t\t\tjQuery(\"h4.hendlToggle\").removeClass(\"hendlToggle\").on(\"click\", function() {\n\t\t\t\t\t\t\tjQuery(this).toggleClass(\"active\").next().slideToggle(\"normal\");\n\t\t\t\t\t\t\treturn false;\n\t\t\t\t\t\t});\n\t\t\t\t\t});\n\t\t\t\t<\/script>\n\t\t\t\t<\/div>\n<div class=\"toggle\">\n\t\t\t\t\t<h4 class=\"trigger hendlToggle active\">\n\t\t\t\t\t\t<span class=\"t_ico\" style=\"background-color: #D4C7BF\"><\/span>\n\t\t\t\t\t\t<a href=\"#\">Comme se rendre au Bois de la Marche sans voiture ?<\/a>\n\t\t\t\t\t<\/h4>\n\t\t\t\t\t<div class=\"toggle_container\" style=\"display: block;\">Le Best Western Le Bois de La Marche vous propose son partenaire Radio Taxi au 05.49.88.12.34. <\/div>\n\t\t\t\t\t<script>\n\t\t\t\t\tjQuery(document).ready(function(){\n\t\t\t\t\t\tjQuery(\"h4.hendlToggle\").removeClass(\"hendlToggle\").on(\"click\", function() {\n\t\t\t\t\t\t\tjQuery(this).toggleClass(\"active\").next().slideToggle(\"normal\");\n\t\t\t\t\t\t\treturn false;\n\t\t\t\t\t\t});\n\t\t\t\t\t});\n\t\t\t\t<\/script>\n\t\t\t\t<\/div>\n<div class=\"toggle\">\n\t\t\t\t\t<h4 class=\"trigger hendlToggle \">\n\t\t\t\t\t\t<span class=\"t_ico\" style=\"background-color: #D4C7BF\"><\/span>\n\t\t\t\t\t\t<a href=\"#\">L\u2019h\u00f4tel est-il adapt\u00e9 pour recevoir des personnes \u00e0 mobilit\u00e9 r\u00e9duite ?<\/a>\n\t\t\t\t\t<\/h4>\n\t\t\t\t\t<div class=\"toggle_container\" style=\"display: none;\">Le Best Western du Bois de La Marche dispose de\u00a03 chambres accessibles pour les personnes \u00e0 mobilit\u00e9 r\u00e9duite.<br \/>\nL\u2019h\u00f4tel est \u00e9galement \u00e9quip\u00e9 d\u2019ascenseurs et de larges couloirs accessibles \u00e0 tous.<\/div>\n\t\t\t\t\t<script>\n\t\t\t\t\tjQuery(document).ready(function(){\n\t\t\t\t\t\tjQuery(\"h4.hendlToggle\").removeClass(\"hendlToggle\").on(\"click\", function() {\n\t\t\t\t\t\t\tjQuery(this).toggleClass(\"active\").next().slideToggle(\"normal\");\n\t\t\t\t\t\t\treturn false;\n\t\t\t\t\t\t});\n\t\t\t\t\t});\n\t\t\t\t<\/script>\n\t\t\t\t<\/div>\n\n\n<\/div>\n\n\n<div id=\"tabs-2\">\n\n<div class=\"toggle\">\n\t\t\t\t\t<h4 class=\"trigger hendlToggle \">\n\t\t\t\t\t\t<span class=\"t_ico\" style=\"background-color: #D4C7BF\"><\/span>\n\t\t\t\t\t\t<a href=\"#\">Existe-t'il un moyen de restauration sur place ?<\/a>\n\t\t\t\t\t<\/h4>\n\t\t\t\t\t<div class=\"toggle_container\" style=\"display: none;\">Le restaurant est ouvert tous les jours (sauf le dimanche soir) de 12h \u00e0 14h et de 19h \u00e0 21h30.<\/p>\n<ul>\n<li>De mi-juillet \u00e0 d\u00e9but septembre, le restaurant ouvre le dimanche soir.<\/li>\n<li>Il est fortement conseill\u00e9 de r\u00e9server \u00e0 l\u2019avance pour votre repas.<\/li>\n<\/ul>\n<\/div>\n\t\t\t\t\t<script>\n\t\t\t\t\tjQuery(document).ready(function(){\n\t\t\t\t\t\tjQuery(\"h4.hendlToggle\").removeClass(\"hendlToggle\").on(\"click\", function() {\n\t\t\t\t\t\t\tjQuery(this).toggleClass(\"active\").next().slideToggle(\"normal\");\n\t\t\t\t\t\t\treturn false;\n\t\t\t\t\t\t});\n\t\t\t\t\t});\n\t\t\t\t<\/script>\n\t\t\t\t<\/div>\n<div class=\"toggle\">\n\t\t\t\t\t<h4 class=\"trigger hendlToggle \">\n\t\t\t\t\t\t<span class=\"t_ico\" style=\"background-color: #D4C7BF\"><\/span>\n\t\t\t\t\t\t<a href=\"#\">L\u2019h\u00f4tel propose-t-il des animations ou activit\u00e9s ? <\/a>\n\t\t\t\t\t<\/h4>\n\t\t\t\t\t<div class=\"toggle_container\" style=\"display: none;\">Des jeux de ballons, un court de tennis et un partenariat avec le Village Loisirs sont en place pour les r\u00e9sidents.<\/div>\n\t\t\t\t\t<script>\n\t\t\t\t\tjQuery(document).ready(function(){\n\t\t\t\t\t\tjQuery(\"h4.hendlToggle\").removeClass(\"hendlToggle\").on(\"click\", function() {\n\t\t\t\t\t\t\tjQuery(this).toggleClass(\"active\").next().slideToggle(\"normal\");\n\t\t\t\t\t\t\treturn false;\n\t\t\t\t\t\t});\n\t\t\t\t\t});\n\t\t\t\t<\/script>\n\t\t\t\t<\/div>\n<div class=\"toggle\">\n\t\t\t\t\t<h4 class=\"trigger hendlToggle active\">\n\t\t\t\t\t\t<span class=\"t_ico\" style=\"background-color: #D4C7BF\"><\/span>\n\t\t\t\t\t\t<a href=\"#\">En savoir plus sur la piscine<\/a>\n\t\t\t\t\t<\/h4>\n\t\t\t\t\t<div class=\"toggle_container\" style=\"display: block;\">La piscine de l\u2019h\u00f4tel ouvre \u00e0 partir de mi-juin et jusqu\u2019\u00e0 mi-septembre, en fonction de la m\u00e9t\u00e9o, de 8h \u00e0 21h30h.<\/div>\n\t\t\t\t\t<script>\n\t\t\t\t\tjQuery(document).ready(function(){\n\t\t\t\t\t\tjQuery(\"h4.hendlToggle\").removeClass(\"hendlToggle\").on(\"click\", function() {\n\t\t\t\t\t\t\tjQuery(this).toggleClass(\"active\").next().slideToggle(\"normal\");\n\t\t\t\t\t\t\treturn false;\n\t\t\t\t\t\t});\n\t\t\t\t\t});\n\t\t\t\t<\/script>\n\t\t\t\t<\/div>\n<div class=\"toggle\">\n\t\t\t\t\t<h4 class=\"trigger hendlToggle \">\n\t\t\t\t\t\t<span class=\"t_ico\" style=\"background-color: #D4C7BF\"><\/span>\n\t\t\t\t\t\t<a href=\"#\">De quoi dispose l\u2019h\u00f4tel pour accueillir les enfants en bas \u00e2ge ?<\/a>\n\t\t\t\t\t<\/h4>\n\t\t\t\t\t<div class=\"toggle_container\" style=\"display: none;\">\n<ul>\n<li>Des lits b\u00e9b\u00e9 (lits parapluie) peuvent-\u00eatre install\u00e9s en chambre si l\u2019\u00e2ge de l\u2019enfant est pr\u00e9cis\u00e9 \u00e0 la r\u00e9servation et sous r\u00e9serve de disponibilit\u00e9.<\/li>\n<li>Le restaurant La Table du Bois poss\u00e8de \u00e9galement une chaise-haute pour les enfants en bas \u00e2ge.<\/li>\n<\/ul>\n<\/div>\n\t\t\t\t\t<script>\n\t\t\t\t\tjQuery(document).ready(function(){\n\t\t\t\t\t\tjQuery(\"h4.hendlToggle\").removeClass(\"hendlToggle\").on(\"click\", function() {\n\t\t\t\t\t\t\tjQuery(this).toggleClass(\"active\").next().slideToggle(\"normal\");\n\t\t\t\t\t\t\treturn false;\n\t\t\t\t\t\t});\n\t\t\t\t\t});\n\t\t\t\t<\/script>\n\t\t\t\t<\/div>\n<div class=\"toggle\">\n\t\t\t\t\t<h4 class=\"trigger hendlToggle \">\n\t\t\t\t\t\t<span class=\"t_ico\" style=\"background-color: #D4C7BF\"><\/span>\n\t\t\t\t\t\t<a href=\"#\">Un r\u00e9seau wifi est-il ouvert au Bois de La Marche ?<\/a>\n\t\t\t\t\t<\/h4>\n\t\t\t\t\t<div class=\"toggle_container\" style=\"display: none;\">Un r\u00e9seau WIFI est accessible dans toutes nos chambres, salles de s\u00e9minaires et restaurants.<\/div>\n\t\t\t\t\t<script>\n\t\t\t\t\tjQuery(document).ready(function(){\n\t\t\t\t\t\tjQuery(\"h4.hendlToggle\").removeClass(\"hendlToggle\").on(\"click\", function() {\n\t\t\t\t\t\t\tjQuery(this).toggleClass(\"active\").next().slideToggle(\"normal\");\n\t\t\t\t\t\t\treturn false;\n\t\t\t\t\t\t});\n\t\t\t\t\t});\n\t\t\t\t<\/script>\n\t\t\t\t<\/div>\n\n\n<\/div>\n\n\n<div id=\"tabs-3\">\n\n<div class=\"toggle\">\n\t\t\t\t\t<h4 class=\"trigger hendlToggle \">\n\t\t\t\t\t\t<span class=\"t_ico\" style=\"background-color: #D4C7BF\"><\/span>\n\t\t\t\t\t\t<a href=\"#\">L\u2019\u00e9tablissement poss\u00e8de-t\u2019il un parking ?<\/a>\n\t\t\t\t\t<\/h4>\n\t\t\t\t\t<div class=\"toggle_container\" style=\"display: none;\">\n<ul>\n<li>L\u2019h\u00f4tel-restaurant dispose d\u2019un grand parking gratuit et priv\u00e9 accessible \u00e0 tous types de v\u00e9hicules.<\/li>\n<li>Le parking peut accueillir les bus, camions et voitures avec remorque.<\/li>\n<\/ul>\n<\/div>\n\t\t\t\t\t<script>\n\t\t\t\t\tjQuery(document).ready(function(){\n\t\t\t\t\t\tjQuery(\"h4.hendlToggle\").removeClass(\"hendlToggle\").on(\"click\", function() {\n\t\t\t\t\t\t\tjQuery(this).toggleClass(\"active\").next().slideToggle(\"normal\");\n\t\t\t\t\t\t\treturn false;\n\t\t\t\t\t\t});\n\t\t\t\t\t});\n\t\t\t\t<\/script>\n\t\t\t\t<\/div>\n<div class=\"toggle\">\n\t\t\t\t\t<h4 class=\"trigger hendlToggle \">\n\t\t\t\t\t\t<span class=\"t_ico\" style=\"background-color: #D4C7BF\"><\/span>\n\t\t\t\t\t\t<a href=\"#\">Quelles sont les horaires d\u2019arriv\u00e9es et de d\u00e9parts dans l\u2019\u00e9tablissement ?<\/a>\n\t\t\t\t\t<\/h4>\n\t\t\t\t\t<div class=\"toggle_container\" style=\"display: none;\">Vous pouvez prendre possession de votre chambre \u00e0 partir de 15h et ce jusqu\u2019\u00e0 11h le jour de votre d\u00e9part.<\/div>\n\t\t\t\t\t<script>\n\t\t\t\t\tjQuery(document).ready(function(){\n\t\t\t\t\t\tjQuery(\"h4.hendlToggle\").removeClass(\"hendlToggle\").on(\"click\", function() {\n\t\t\t\t\t\t\tjQuery(this).toggleClass(\"active\").next().slideToggle(\"normal\");\n\t\t\t\t\t\t\treturn false;\n\t\t\t\t\t\t});\n\t\t\t\t\t});\n\t\t\t\t<\/script>\n\t\t\t\t<\/div>\n<div class=\"toggle\">\n\t\t\t\t\t<h4 class=\"trigger hendlToggle \">\n\t\t\t\t\t\t<span class=\"t_ico\" style=\"background-color: #D4C7BF\"><\/span>\n\t\t\t\t\t\t<a href=\"#\">Quels sont les moyens de paiement disponibles \u00e0 l\u2019h\u00f4tel ?<\/a>\n\t\t\t\t\t<\/h4>\n\t\t\t\t\t<div class=\"toggle_container\" style=\"display: none;\">L\u2019h\u00f4tel accepte diff\u00e9rents moyens de paiement comme les cartes bancaires VISA, American Express, Mastercard, les esp\u00e8ces, les ANCV, tickets restaurant, \u2026<\/div>\n\t\t\t\t\t<script>\n\t\t\t\t\tjQuery(document).ready(function(){\n\t\t\t\t\t\tjQuery(\"h4.hendlToggle\").removeClass(\"hendlToggle\").on(\"click\", function() {\n\t\t\t\t\t\t\tjQuery(this).toggleClass(\"active\").next().slideToggle(\"normal\");\n\t\t\t\t\t\t\treturn false;\n\t\t\t\t\t\t});\n\t\t\t\t\t});\n\t\t\t\t<\/script>\n\t\t\t\t<\/div>\n<div class=\"toggle\">\n\t\t\t\t\t<h4 class=\"trigger hendlToggle \">\n\t\t\t\t\t\t<span class=\"t_ico\" style=\"background-color: #D4C7BF\"><\/span>\n\t\t\t\t\t\t<a href=\"#\">Y a-t-il une taxe de s\u00e9jour \u00e0 l\u2019h\u00f4tel du Bois de La Marche ?<\/a>\n\t\t\t\t\t<\/h4>\n\t\t\t\t\t<div class=\"toggle_container\" style=\"display: none;\">\n<ul>\n<li>Comme dans la grande majorit\u00e9 des h\u00f4tels en France, l\u2019h\u00f4tel du Bois de La Marche est assujetti \u00e0 une taxe de s\u00e9jour qu\u2019il reversera \u00e0 la commune.<\/li>\n<li>La taxe de s\u00e9jour est de 1,40\u20ac par adulte et par nuit.<\/li>\n<\/ul>\n<\/div>\n\t\t\t\t\t<script>\n\t\t\t\t\tjQuery(document).ready(function(){\n\t\t\t\t\t\tjQuery(\"h4.hendlToggle\").removeClass(\"hendlToggle\").on(\"click\", function() {\n\t\t\t\t\t\t\tjQuery(this).toggleClass(\"active\").next().slideToggle(\"normal\");\n\t\t\t\t\t\t\treturn false;\n\t\t\t\t\t\t});\n\t\t\t\t\t});\n\t\t\t\t<\/script>\n\t\t\t\t<\/div>\n<div class=\"toggle\">\n\t\t\t\t\t<h4 class=\"trigger hendlToggle \">\n\t\t\t\t\t\t<span class=\"t_ico\" style=\"background-color: #D4C7BF\"><\/span>\n\t\t\t\t\t\t<a href=\"#\">Les animaux sont-ils autoris\u00e9s dans l\u2019enceinte de l\u2019h\u00f4tel ?<\/a>\n\t\t\t\t\t<\/h4>\n\t\t\t\t\t<div class=\"toggle_container\" style=\"display: none;\">Les animaux domestiques sont admis avec restriction en chambre pour un suppl\u00e9ment de 30\u20ac par nuit.<\/div>\n\t\t\t\t\t<script>\n\t\t\t\t\tjQuery(document).ready(function(){\n\t\t\t\t\t\tjQuery(\"h4.hendlToggle\").removeClass(\"hendlToggle\").on(\"click\", function() {\n\t\t\t\t\t\t\tjQuery(this).toggleClass(\"active\").next().slideToggle(\"normal\");\n\t\t\t\t\t\t\treturn false;\n\t\t\t\t\t\t});\n\t\t\t\t\t});\n\t\t\t\t<\/script>\n\t\t\t\t<\/div>\n<div class=\"toggle\">\n\t\t\t\t\t<h4 class=\"trigger hendlToggle \">\n\t\t\t\t\t\t<span class=\"t_ico\" style=\"background-color: #D4C7BF\"><\/span>\n\t\t\t\t\t\t<a href=\"#\">Existe-t-il une carte de fid\u00e9lit\u00e9 qui fonctionne pour les nuit\u00e9es au Bois de La Marche ?<\/a>\n\t\t\t\t\t<\/h4>\n\t\t\t\t\t<div class=\"toggle_container\" style=\"display: none;\">\n<ul>\n<li>La carte Best Western Rewards vous permettra d\u2019accumuler des points pour chaque nuit pass\u00e9e dans un h\u00f4tel de la chaine Best Western.<\/li>\n<li>Cette carte est gratuite, vous pouvez la demander \u00e0 la r\u00e9ception.<\/li>\n<li>Votre fid\u00e9lit\u00e9 sera ensuite r\u00e9compens\u00e9e par des nuits gratuites, des cartes cadeaux (Best Western, Amazon, Fnac, D\u00e9cathlon, Mango, \u2026) ou encore des miles a\u00e9riens.<\/li>\n<\/ul>\n<\/div>\n\t\t\t\t\t<script>\n\t\t\t\t\tjQuery(document).ready(function(){\n\t\t\t\t\t\tjQuery(\"h4.hendlToggle\").removeClass(\"hendlToggle\").on(\"click\", function() {\n\t\t\t\t\t\t\tjQuery(this).toggleClass(\"active\").next().slideToggle(\"normal\");\n\t\t\t\t\t\t\treturn false;\n\t\t\t\t\t\t});\n\t\t\t\t\t});\n\t\t\t\t<\/script>\n\t\t\t\t<\/div>\n<div class=\"toggle\">\n\t\t\t\t\t<h4 class=\"trigger hendlToggle \">\n\t\t\t\t\t\t<span class=\"t_ico\" style=\"background-color: #D4C7BF\"><\/span>\n\t\t\t\t\t\t<a href=\"#\">Les soir\u00e9es \u00e9tapes du Bois de la Marche<\/a>\n\t\t\t\t\t<\/h4>\n\t\t\t\t\t<div class=\"toggle_container\" style=\"display: none;\">Le Bois de La Marche vous propose diff\u00e9rentes formules soir\u00e9e \u00e9tape\u00a0:<\/p>\n<ul>\n<li><strong>Soir\u00e9e \u00e9tape \u00e0 99.00\u20ac (selon disponibilit\u00e9)<\/strong>\u00a0: d\u00eener\u00a02 plats, eau et caf\u00e9\u00a0\/ h\u00e9bergement \/ petit-d\u00e9jeuner<\/li>\n<li><strong>Soir\u00e9e \u00e9tape \u00e0 109.00\u20ac<\/strong>\u00a0: d\u00eener 3 plats + boissons \/ h\u00e9bergement \/ petit-d\u00e9jeuner<\/li>\n<\/ul>\n<\/div>\n\t\t\t\t\t<script>\n\t\t\t\t\tjQuery(document).ready(function(){\n\t\t\t\t\t\tjQuery(\"h4.hendlToggle\").removeClass(\"hendlToggle\").on(\"click\", function() {\n\t\t\t\t\t\t\tjQuery(this).toggleClass(\"active\").next().slideToggle(\"normal\");\n\t\t\t\t\t\t\treturn false;\n\t\t\t\t\t\t});\n\t\t\t\t\t});\n\t\t\t\t<\/script>\n\t\t\t\t<\/div>\n<div class=\"toggle\">\n\t\t\t\t\t<h4 class=\"trigger hendlToggle \">\n\t\t\t\t\t\t<span class=\"t_ico\" style=\"background-color: #D4C7BF\"><\/span>\n\t\t\t\t\t\t<a href=\"#\">En cas d\u2019arriv\u00e9e tardive ou pour le dimanche soir, l\u2019h\u00f4tel peut-il vous proposer un diner ?<\/a>\n\t\t\t\t\t<\/h4>\n\t\t\t\t\t<div class=\"toggle_container\" style=\"display: none;\">\n<ul>\n<li>Une carte sur notre room service est disponible en chambre.<\/li>\n<li>Le room service est \u00e0 commander \u00e0 la r\u00e9ception.<\/li>\n<\/ul>\n<\/div>\n\t\t\t\t\t<script>\n\t\t\t\t\tjQuery(document).ready(function(){\n\t\t\t\t\t\tjQuery(\"h4.hendlToggle\").removeClass(\"hendlToggle\").on(\"click\", function() {\n\t\t\t\t\t\t\tjQuery(this).toggleClass(\"active\").next().slideToggle(\"normal\");\n\t\t\t\t\t\t\treturn false;\n\t\t\t\t\t\t});\n\t\t\t\t\t});\n\t\t\t\t<\/script>\n\t\t\t\t<\/div>\n\n\n<\/div>\n\n\n<\/div><script>jQuery(document).ready(function(){\n\tjQuery(\".tabgroup\").tabs().show();\n});<\/script>\n\n\n","protected":false},"excerpt":{"rendered":"","protected":false},"author":1,"featured_media":0,"parent":0,"menu_order":0,"comment_status":"open","ping_status":"open","template":"","meta":{"footnotes":""},"class_list":["post-1751","page","type-page","status-publish","hentry"],"_links":{"self":[{"href":"https:\/\/www.leboisdelamarche.fr\/en\/wp-json\/wp\/v2\/pages\/1751","targetHints":{"allow":["GET"]}}],"collection":[{"href":"https:\/\/www.leboisdelamarche.fr\/en\/wp-json\/wp\/v2\/pages"}],"about":[{"href":"https:\/\/www.leboisdelamarche.fr\/en\/wp-json\/wp\/v2\/types\/page"}],"author":[{"embeddable":true,"href":"https:\/\/www.leboisdelamarche.fr\/en\/wp-json\/wp\/v2\/users\/1"}],"replies":[{"embeddable":true,"href":"https:\/\/www.leboisdelamarche.fr\/en\/wp-json\/wp\/v2\/comments?post=1751"}],"version-history":[{"count":2,"href":"https:\/\/www.leboisdelamarche.fr\/en\/wp-json\/wp\/v2\/pages\/1751\/revisions"}],"predecessor-version":[{"id":5080,"href":"https:\/\/www.leboisdelamarche.fr\/en\/wp-json\/wp\/v2\/pages\/1751\/revisions\/5080"}],"wp:attachment":[{"href":"https:\/\/www.leboisdelamarche.fr\/en\/wp-json\/wp\/v2\/media?parent=1751"}],"curies":[{"name":"wp","href":"https:\/\/api.w.org\/{rel}","templated":true}]}}